{"id":942,"date":"2021-02-03T14:51:12","date_gmt":"2021-02-03T14:51:12","guid":{"rendered":"https:\/\/ccom.cat\/politica-de-cookies\/"},"modified":"2021-04-26T14:26:52","modified_gmt":"2021-04-26T14:26:52","slug":"politica-de-cookies","status":"publish","type":"page","link":"https:\/\/ccom.cat\/es\/politica-de-cookies\/","title":{"rendered":"Pol\u00edtica de cookies"},"content":{"rendered":"\n<style type=\"text\/css\" data-created_by=\"avia_inline_auto\" id=\"style-css-av-253bn-0f3330be0afe20aca49d8698c8d577b4\">\n.flex_column.av-253bn-0f3330be0afe20aca49d8698c8d577b4{\nborder-radius:0px 0px 0px 0px;\npadding:0px 0px 0px 0px;\n}\n<\/style>\n<div  class='flex_column av-253bn-0f3330be0afe20aca49d8698c8d577b4 av_one_full  avia-builder-el-0  avia-builder-el-no-sibling  first flex_column_div av-zero-column-padding  '     ><p>\n<style type=\"text\/css\" data-created_by=\"avia_inline_auto\" id=\"style-css-av-av_heading-1993001fdcd582eeb9c00571763b8e80\">\n#top .av-special-heading.av-av_heading-1993001fdcd582eeb9c00571763b8e80{\npadding-bottom:10px;\n}\nbody .av-special-heading.av-av_heading-1993001fdcd582eeb9c00571763b8e80 .av-special-heading-tag .heading-char{\nfont-size:25px;\n}\n.av-special-heading.av-av_heading-1993001fdcd582eeb9c00571763b8e80 .av-subheading{\nfont-size:15px;\n}\n<\/style>\n<div  class='av-special-heading av-av_heading-1993001fdcd582eeb9c00571763b8e80 av-special-heading-h1 blockquote modern-quote  avia-builder-el-1  el_before_av_textblock  avia-builder-el-first '><h1 class='av-special-heading-tag '  itemprop=\"headline\"  >Pol\u00edtica de cookies<\/h1><div class=\"special-heading-border\"><div class=\"special-heading-inner-border\"><\/div><\/div><\/div><br \/>\n<section  class='av_textblock_section av-rznj-0a3dc5cb9894dcb3cb9a5ed138de5991 '   itemscope=\"itemscope\" itemtype=\"https:\/\/schema.org\/CreativeWork\" ><div class='avia_textblock'  itemprop=\"text\" ><p><strong>\u00bfQu\u00e9 son las cookies?<\/strong><\/p>\n<p>Las cookies son peque\u00f1os archivos de datos que se env\u00edan al ordenador del usuario, a su tel\u00e9fono m\u00f3vil u a cualquier otro dispositivo de acceso cuando visita un sitio web, y que permiten obtener y recopilar informaci\u00f3n relativa a su navegaci\u00f3n y pueden, incluso, reconocer su ordenador o dispositivo.<\/p>\n<p>Las cookies son esenciales para el funcionamiento de Internet, aportando innumerables ventajas en la prestaci\u00f3n de servicios interactivos, facilitando la navegaci\u00f3n y usabilidad de los sitios web. Las cookies no pueden da\u00f1ar tu equipo. El que esten activadas ayuda a identificar y resolver errores en los accesos a los sitios web o sus servicios.<\/p>\n<p>CCOM utiliza cookies para recopilar informaci\u00f3n sobre la utilizaci\u00f3n de la misma por parte de los usuarios y mejorar la experiencia de navegaci\u00f3n. Mediante el uso y la navegaci\u00f3n por su sitio web, los usuarios aceptan y consienten que CCOM almacene cookies en su ordenador o dispositivo electr\u00f3nico con las finalidades anteriormente citadas. As\u00ed mismo, reconoces conocer la posibilidad de rechazar el tratamiento de tales datos o informaci\u00f3n rechazando el uso de cookies mediante la selecci\u00f3n de la configuraci\u00f3n apropiada a tal fin en tu navegador. Ahora bien: esta opci\u00f3n de bloqueo de cookies en tu navegador puede no permitirle el uso pleno de todas las funcionalidades de CCOM.<\/p>\n<p>En cumplimiento del Art. 22.2 de la Ley de Servicios de la Sociedad de la Informaci\u00f3n y siguiendo las directrices de la Agencia Espa\u00f1ola de Protecci\u00f3n de Datos, procedemos a detallar el uso de cookies que hace CCOM con el fin de informarte con la m\u00e1xima exactitud posible.<\/p>\n<ol start=\"2\">\n<li><strong>\u00bfQu\u00e9 cookies utiliza el sitio web <\/strong><a href=\"https:\/\/ccom.cat\">ccom.cat<\/a> de CCOM<strong>?<\/strong><\/li>\n<\/ol>\n<p><strong><u>Cookies propias:<\/u><\/strong><\/p>\n<ul>\n<li><strong><em>Cookies necesarias: <\/em><\/strong>Estas cookies t\u00e9cnicas hacen que un sitio web sea funcional y utilizable activando funciones b\u00e1sicas como la navegaci\u00f3n en el sitio y el acceso a \u00e1reas seguras del mismo. El sitio web puede no funcionar adecuadamente sin estas cookies.<\/li>\n<\/ul>\n<ul>\n<li><strong><em>Cookies de personalizaci\u00f3n:<\/em><\/strong> Son aqu\u00e9llas que permiten al usuario acceder al servicio con algunas caracter\u00edsticas de car\u00e1cter general predefinidas en funci\u00f3n de una serie de criterios en el terminal del usuario, como por ejemplo el idioma, el tipo de navegador a trav\u00e9s del cual accede al servicio, la configuraci\u00f3n regional desde donde accede al servicio, etc.<\/li>\n<\/ul>\n<ul>\n<li><strong><em>Cookies anal\u00edticas:<\/em><\/strong> Sirven para recabar estad\u00edsticas sobre la actividad del usuario al visitar el sitio web y la actividad general de la misma. La informaci\u00f3n suele recopilarse, generalmente, de forma anonimizada y permite optimizar la navegaci\u00f3n a trav\u00e9s del sitio web y garantizar el mejor servicio al usuario.<\/li>\n<\/ul>\n<ul>\n<li><strong><em>Cookies publicitarias: <\/em><\/strong>son aquellas que permiten la gesti\u00f3n, de la forma m\u00e1s eficaz posible, de los espacios publicitarios que, en su caso, el editor haya incluido en un sitio web, aplicaci\u00f3n o plataforma desde la que presta el servicio solicitado. Estas cookies almacenan informaci\u00f3n del comportamiento de los usuarios, obtenida a trav\u00e9s de la observaci\u00f3n continuada de sus h\u00e1bitos de navegaci\u00f3n, lo que permite desarrollar un perfil espec\u00edfico para mostrar publicidad en funci\u00f3n del mismo.<\/li>\n<\/ul>\n<ul>\n<li><strong><em>Cookies de seguridad:<\/em><\/strong> Son aquellas cookies que se utilizan para garantizar la seguridad en el acceso y uso del servicio, como por ejemplo las usadas para autenticar a usuarios, evitar el uso fraudulento de credenciales de inicio de sesi\u00f3n y proteger los datos de usuarios frente a terceros no autorizados.<\/li>\n<\/ul>\n<table width=\"425\">\n<tbody>\n<tr>\n<td width=\"91\"><strong>COMPLEMENT<\/strong><\/td>\n<td width=\"200\"><strong>PRINCIPALS COOKIES UTILIZADAS<\/strong><\/td>\n<td width=\"135\"><strong>FINALIDAD<\/strong><\/td>\n<\/tr>\n<tr>\n<td width=\"91\">Google Analytics<\/td>\n<td width=\"200\">__utma, __utmb, __utmc, __utmz, etcGAPS\/NID\/PREF\/SAPISID\/SID\/SSID<\/td>\n<td width=\"135\">Google Analytics envia a Google l\u2019adre\u00e7a IP i informaci\u00f3 an\u00f2nima sobre l\u2019\u00fas de la p\u00e0gina, amb l\u2019objectiu de proporcionar-nos informaci\u00f3 de com interaccionen els usuaris amb el web<\/td>\n<\/tr>\n<\/tbody>\n<\/table>\n<p><strong><u>\u00a0<\/u><\/strong><\/p>\n<p><strong><u>Cookies de terceros:<\/u><\/strong><\/p>\n<ul>\n<li><strong><em><u>Google Analytics:<\/u><\/em><\/strong><\/li>\n<\/ul>\n<p>Google Analytics es un servicio anal\u00edtico de web prestado por Google, Inc. con domicilio en los Estados Unidos con sede central en 1600 Amphitheatre Parkway, Mountain View, California 94043. Para la prestaci\u00f3n de estos servicios, estos utilizan cookies que recopilan la informaci\u00f3n, incluida la direcci\u00f3n IP del usuario, que ser\u00e1 transmitida, tratada y almacenada por Google en los t\u00e9rminos fijados en la Web Google.com incluyendo la posible transmisi\u00f3n de dicha informaci\u00f3n a terceros por razones de exigencia legal o cuando dichos terceros procesen la informaci\u00f3n por cuenta de Google.<\/p>\n<p><a href=\"http:\/\/www.google.com\/intl\/es\/analytics\/privacyoverview.html\" target=\"_blank\" rel=\"noopener\">http:\/\/www.google.com\/intl\/es\/analytics\/privacyoverview.html<\/a><\/p>\n<p>El usuario puede revocar su consentimiento para el uso de cookies en su navegador a trav\u00e9s de las opciones del desarrollador del navegador que est\u00e9 utilizando, o bien instalando un sistema de rechazo (\u00abopt-out\u00bb) a trav\u00e9s de los enlaces de algunos terceros que instalan cookies en la p\u00e1gina web.<\/p>\n<p>Opt-out de Google Analytics: <a href=\"https:\/\/tools.google.com\/dlpage\/gaoptout?hl=None\" target=\"_blank\" rel=\"noopener\">https:\/\/tools.google.com\/dlpage\/gaoptout?hl=None<\/a><\/p>\n<p><strong><u>Bloqueo de cookies:<\/u><\/strong><\/p>\n<p>Puedes permitir, bloquear o eliminar las cookies instaladas en tu equipo mediante la configuraci\u00f3n de las opciones del navegador instalado en tu ordenador siguiendo las instrucciones:<\/p>\n<p><strong><em><u>Google Chrome:<\/u><\/em><\/strong> Herramientas \u2192 Configuraci\u00f3n \u2192 Mostrar opciones avanzadas \u2192 configuraci\u00f3n de contenido \u2192 Cookies \u2192 Bloquear los datos de sitios y las cookies de terceros<\/p>\n<p><strong><em><u>Mozilla Firefox<\/u><\/em><\/strong>: Herramientas \u2192 Opciones \u2192 Privacidad \u2192 Historial \u2192 Usar una configuraci\u00f3n personalizada para el historial (desmarcar todas las casillas).<\/p>\n<p><strong><em><u>Internet Explorer<\/u><\/em><\/strong>: Herramientas \u2192 Opciones de Internet \u2192 Privacidad \u2192 Configuraci\u00f3n para la zona de Internet (subir la barra de navegaci\u00f3n hasta Bloquear todas las cookies).<\/p>\n<p><strong><em><u>Safari:<\/u><\/em><\/strong> Edici\u00f3n \u2192 Preferencias \u2192 Privacidad \u2192 Bloquear cookies (seleccionar \u201csiempre\u201d).<\/p>\n<p>O bien a trav\u00e9s de los siguientes enlaces:<\/p>\n<ul>\n<li><a href=\"http:\/\/windows.microsoft.com\/es-es\/windows7\/how-to-manage-cookies-in-internet-explorer-9\" target=\"_blank\" rel=\"noopener\">Configuraci\u00f3n de cookies en Internet Explorer<\/a><\/li>\n<li><a href=\"https:\/\/support.google.com\/chrome\/answer\/95647?hl=es\" target=\"_blank\" rel=\"noopener\">Configuraci\u00f3n de cookies en Chrome<\/a><\/li>\n<li><a href=\"https:\/\/support.mozilla.org\/es\/kb\/habilitar-y-deshabilitar-cookies-que-los-sitios-we\" target=\"_blank\" rel=\"noopener\">Configuraci\u00f3n de cookies en Firefox<\/a><\/li>\n<li><a href=\"https:\/\/support.apple.com\/kb\/PH17191?locale=es_ES\" target=\"_blank\" rel=\"noopener\">Configuraci\u00f3n de cookies en Safari<\/a><\/li>\n<\/ul>\n<p>As\u00ed mismo, la mayor\u00eda de navegadores permiten activar un modo privado mediante el cual las cookies se borran siempre despu\u00e9s de la visita.<\/p>\n<p>Tambi\u00e9n puedes configurar tus preferencias con respecto a las cookies accediendo a <a href=\"http:\/\/www.youronlinechoices.com\/es\/\" target=\"_blank\" rel=\"noopener\">http:\/\/www.youronlinechoices.com\/es\/<\/a>.<\/p>\n<p>Finalmente, CCOM se reserva el derecho a modificar en cualquier momento la Pol\u00edtica de cookies. Por ello, los Usuarios deber\u00e1n consultar peri\u00f3dicamente la Pol\u00edtica de cookies.<\/p>\n<p>Si tienes dudas sobre nuestra pol\u00edtica de cookies puedes ponerte en contacto con nosotros a trav\u00e9s de los canales habituales.<\/p>\n<p>Per a Internet Explorer:<\/p>\n<p><a href=\"http:\/\/windows.microsoft.com\/es-es\/windows7\/how-to-manage-cookies-in-internet-explorer-9\" target=\"_blank\" rel=\"noopener\">http:\/\/windows.microsoft.com\/es-es\/windows7\/how-to-manage-cookies-in-internet-explorer-9<\/a><\/p>\n<p>Per a Chrome:<\/p>\n<p><a href=\"https:\/\/support.google.com\/chrome\/answer\/95647?hl=es\" target=\"_blank\" rel=\"noopener\">https:\/\/support.google.com\/chrome\/answer\/95647?hl=es<\/a><\/p>\n<p>Per a Safari:<\/p>\n<p><a href=\"http:\/\/support.apple.com\/kb\/HT1677?viewlocale=es_ES\" target=\"_blank\" rel=\"noopener\">http:\/\/support.apple.com\/kb\/HT1677?viewlocale=es_ES<\/a><\/p>\n<p>Per a Firefox:<\/p>\n<p><a href=\"https:\/\/support.mozilla.org\/es\/kb\/Borrar%20cookies\" target=\"_blank\" rel=\"noopener\">https:\/\/support.mozilla.org\/es\/kb\/Borrar%20cookies<\/a><\/p>\n<p>Per a Opera:<\/p>\n<p><a href=\"http:\/\/help.opera.com\/Linux\/10.60\/es-ES\/cookies.html\" target=\"_blank\" rel=\"noopener\">http:\/\/help.opera.com\/Linux\/10.60\/es-ES\/cookies.html<\/a><\/p>\n<p>Per a Android:<\/p>\n<p><a href=\"http:\/\/support.google.com\/android\/?hl=es\" target=\"_blank\" rel=\"noopener\">http:\/\/support.google.com\/android\/?hl=es<\/a><\/p>\n<p>Per a Blackberry:<\/p>\n<p><a href=\"http:\/\/docs.blackberry.com\/en\/smartphone_users\/deliverables\/32004\/Turn_off_cookies_in_the_browser_60_1072866_11.jsp\" target=\"_blank\" rel=\"noopener\">http:\/\/docs.blackberry.com\/en\/smartphone_users\/deliverables\/32004\/Turn_off_cookies_in_the_browser_60_1072866_11.jsp<\/a><\/p>\n<p>Per a Windows Phone:<\/p>\n<p><a href=\"http:\/\/www.windowsphone.com\/es-es\/how-to\/wp7\/web\/changing-privacy-and-other-browser-settings\" target=\"_blank\" rel=\"noopener\">http:\/\/www.windowsphone.com\/es-es\/how-to\/wp7\/web\/changing-privacy-and-other-browser-settings<\/a><\/p>\n<\/div><\/section><\/p><\/div>\n","protected":false},"excerpt":{"rendered":"","protected":false},"author":1,"featured_media":0,"parent":0,"menu_order":0,"comment_status":"closed","ping_status":"closed","template":"","meta":{"footnotes":""},"class_list":["post-942","page","type-page","status-publish","hentry"],"_links":{"self":[{"href":"https:\/\/ccom.cat\/es\/wp-json\/wp\/v2\/pages\/942","targetHints":{"allow":["GET"]}}],"collection":[{"href":"https:\/\/ccom.cat\/es\/wp-json\/wp\/v2\/pages"}],"about":[{"href":"https:\/\/ccom.cat\/es\/wp-json\/wp\/v2\/types\/page"}],"author":[{"embeddable":true,"href":"https:\/\/ccom.cat\/es\/wp-json\/wp\/v2\/users\/1"}],"replies":[{"embeddable":true,"href":"https:\/\/ccom.cat\/es\/wp-json\/wp\/v2\/comments?post=942"}],"version-history":[{"count":2,"href":"https:\/\/ccom.cat\/es\/wp-json\/wp\/v2\/pages\/942\/revisions"}],"predecessor-version":[{"id":1049,"href":"https:\/\/ccom.cat\/es\/wp-json\/wp\/v2\/pages\/942\/revisions\/1049"}],"wp:attachment":[{"href":"https:\/\/ccom.cat\/es\/wp-json\/wp\/v2\/media?parent=942"}],"curies":[{"name":"wp","href":"https:\/\/api.w.org\/{rel}","templated":true}]}}