{"id":1788,"date":"2026-05-13T08:40:45","date_gmt":"2026-05-13T08:40:45","guid":{"rendered":"https:\/\/ccom.cat\/lloguer-equipament-assistencial\/"},"modified":"2026-05-13T10:12:26","modified_gmt":"2026-05-13T10:12:26","slug":"alquiler-equipamiento-asistencial","status":"publish","type":"page","link":"https:\/\/ccom.cat\/es\/alquiler-equipamiento-asistencial\/","title":{"rendered":"Alquiler equipamiento asistencial"},"content":{"rendered":"<div id='full_slider_1'  class='avia-fullwidth-slider main_color avia-shadow   avia-builder-el-0  el_before_av_section  avia-builder-el-first   container_wrap sidebar_right'  >\n<style type=\"text\/css\" data-created_by=\"avia_inline_auto\" id=\"style-css-av-kkqp7o5k-0a9322a3dea75e093362793354a5643c\">\n#top #wrap_all .avia-slideshow .av-slideshow-caption.av-kkqp7o5k-0a9322a3dea75e093362793354a5643c__0 .avia-caption-title{\nfont-size:50px;\n}\n#top .avia-slideshow .av-slideshow-caption.av-kkqp7o5k-0a9322a3dea75e093362793354a5643c__0 .avia-caption-content{\nfont-size:33px;\n}\n#top .avia-slideshow .av-slideshow-caption.av-kkqp7o5k-0a9322a3dea75e093362793354a5643c__0 .avia-caption-content p{\nfont-size:33px;\n}\n<\/style>\n<div  class='avia-slideshow av-kkqp7o5k-0a9322a3dea75e093362793354a5643c avia-slideshow-featured av_slideshow_full avia-slide-slider av-slideshow-ui av-control-default av-slideshow-manual av-loop-once av-loop-manual-endless av-default-height-applied   avia-slideshow-1' data-slideshow-options=\"{&quot;animation&quot;:&quot;slide&quot;,&quot;autoplay&quot;:false,&quot;loop_autoplay&quot;:&quot;once&quot;,&quot;interval&quot;:5,&quot;loop_manual&quot;:&quot;manual-endless&quot;,&quot;autoplay_stopper&quot;:false,&quot;noNavigation&quot;:false,&quot;bg_slider&quot;:false,&quot;keep_padding&quot;:false,&quot;hoverpause&quot;:false,&quot;show_slide_delay&quot;:0}\"  itemprop=\"image\" itemscope=\"itemscope\" itemtype=\"https:\/\/schema.org\/ImageObject\" ><ul class='avia-slideshow-inner ' style='padding-bottom: 28.666666666667%;'><li  class='avia-slideshow-slide av-kkqp7o5k-0a9322a3dea75e093362793354a5643c__0  av-single-slide slide-1 slide-odd'><div data-rel='slideshow-1' class='avia-slide-wrap '   ><div class='av-slideshow-caption av-kkqp7o5k-0a9322a3dea75e093362793354a5643c__0 caption_fullwidth caption_left caption_left_framed caption_framed'><div class=\"container caption_container\"><div class=\"slideshow_caption\"><div class=\"slideshow_inner_caption\"><div class=\"slideshow_align_caption\"><h2 class='avia-caption-title '  itemprop=\"name\" >Alquiler de equipamiento asistencial<\/h2><div class='avia-caption-content '  itemprop=\"description\" ><p>Alquiler, asesoramiento y formaci\u00f3n<\/p>\n<\/div><\/div><\/div><\/div><\/div><\/div><img decoding=\"async\" fetchpriority=\"high\" class=\"wp-image-1743 avia-img-lazy-loading-not-1743\" src=\"https:\/\/ccom.cat\/wp-content\/uploads\/2026\/05\/CCOM-SLIDE-LLOGUER-1500x430.jpg\" width=\"1500\" height=\"430\" title=\"CCOM-SLIDE-LLOGUER\" alt=\"\" itemprop=\"thumbnailUrl\"><\/div><\/li><\/ul><\/div><\/div>\n<div id='av_section_1'  class='avia-section av-6oop-93c91b93420da919be5b8c6ea2b9b227 main_color avia-section-default avia-no-border-styling  avia-builder-el-1  el_after_av_slideshow_full  avia-builder-el-last  avia-bg-style-scroll container_wrap sidebar_right'  ><div class='container av-section-cont-open' ><div class='template-page content  av-content-small alpha units'><div class='post-entry post-entry-type-page post-entry-1788'><div class='entry-content-wrapper clearfix'>\n\n<style type=\"text\/css\" data-created_by=\"avia_inline_auto\" id=\"style-css-av-pj5p-1cb5fadb276a2aa30a60fea90f48997b\">\n.flex_column.av-pj5p-1cb5fadb276a2aa30a60fea90f48997b{\nborder-radius:0px 0px 0px 0px;\npadding:0px 0px 0px 0px;\n}\n<\/style>\n<div  class='flex_column av-pj5p-1cb5fadb276a2aa30a60fea90f48997b av_one_full  avia-builder-el-2  el_before_av_one_half  avia-builder-el-first  first flex_column_div av-zero-column-padding  '     ><p>\n<style type=\"text\/css\" data-created_by=\"avia_inline_auto\" id=\"style-css-av-knev0kib-092b5fa2005f316df7ce0e591e523e6e\">\n#top .av-special-heading.av-knev0kib-092b5fa2005f316df7ce0e591e523e6e{\npadding-bottom:10px;\n}\nbody .av-special-heading.av-knev0kib-092b5fa2005f316df7ce0e591e523e6e .av-special-heading-tag .heading-char{\nfont-size:25px;\n}\n.av-special-heading.av-knev0kib-092b5fa2005f316df7ce0e591e523e6e .av-subheading{\nfont-size:15px;\n}\n<\/style>\n<div  class='av-special-heading av-knev0kib-092b5fa2005f316df7ce0e591e523e6e av-special-heading-h1 blockquote modern-quote  avia-builder-el-3  el_before_av_textblock  avia-builder-el-first '><h1 class='av-special-heading-tag '  itemprop=\"headline\"  >Servicio de alquiler de ayudas t\u00e9cnicas para la dependencia en el Maresme<\/h1><div class=\"special-heading-border\"><div class=\"special-heading-inner-border\"><\/div><\/div><\/div><br \/>\n\n<style type=\"text\/css\" data-created_by=\"avia_inline_auto\" id=\"style-css-av-kkpnjp28-4de0ad4b34306a3136a4308e1273ff5a\">\n#top .av_textblock_section.av-kkpnjp28-4de0ad4b34306a3136a4308e1273ff5a .avia_textblock{\nfont-size:15px;\n}\n<\/style>\n<section  class='av_textblock_section av-kkpnjp28-4de0ad4b34306a3136a4308e1273ff5a '   itemscope=\"itemscope\" itemtype=\"https:\/\/schema.org\/CreativeWork\" ><div class='avia_textblock'  itemprop=\"text\" ><p>En CCOM ofrecemos un completo servicio de alquiler de equipamiento asistencial en el Maresme, pensado para dar respuesta a situaciones temporales de dependencia, recuperaci\u00f3n o necesidad puntual de apoyo. Nuestro objetivo es facilitar el d\u00eda a d\u00eda tanto de las personas usuarias como de sus cuidadores, con soluciones pr\u00e1cticas, seguras y adaptadas a cada caso.<\/p>\n<\/div><\/section><\/p><\/div>\n<style type=\"text\/css\" data-created_by=\"avia_inline_auto\" id=\"style-css-av-c3k4d3-a394c8571e09a891b1f8ce59fd74ded3\">\n.flex_column.av-c3k4d3-a394c8571e09a891b1f8ce59fd74ded3{\nborder-radius:0px 0px 0px 0px;\npadding:0px 0px 0px 0px;\n}\n<\/style>\n<div  class='flex_column av-c3k4d3-a394c8571e09a891b1f8ce59fd74ded3 av_one_half  avia-builder-el-5  el_after_av_one_full  el_before_av_one_half  first flex_column_div av-zero-column-padding  column-top-margin'     ><p>\n<style type=\"text\/css\" data-created_by=\"avia_inline_auto\" id=\"style-css-av-mp3sch7k-c5b72bbc4d8a69e06526a5c6e4d397f0\">\n#top .av-special-heading.av-mp3sch7k-c5b72bbc4d8a69e06526a5c6e4d397f0{\npadding-bottom:10px;\n}\nbody .av-special-heading.av-mp3sch7k-c5b72bbc4d8a69e06526a5c6e4d397f0 .av-special-heading-tag .heading-char{\nfont-size:25px;\n}\n.av-special-heading.av-mp3sch7k-c5b72bbc4d8a69e06526a5c6e4d397f0 .av-subheading{\nfont-size:15px;\n}\n<\/style>\n<div  class='av-special-heading av-mp3sch7k-c5b72bbc4d8a69e06526a5c6e4d397f0 av-special-heading-h3 blockquote modern-quote  avia-builder-el-6  el_before_av_textblock  avia-builder-el-first '><h3 class='av-special-heading-tag '  itemprop=\"headline\"  >\u00c1mbito de actuaci\u00f3n<\/h3><div class=\"special-heading-border\"><div class=\"special-heading-inner-border\"><\/div><\/div><\/div><br \/>\n\n<style type=\"text\/css\" data-created_by=\"avia_inline_auto\" id=\"style-css-av-mp3sdp8b-d1b1ef71328d40c073f6c975d1d536ab\">\n#top .av_textblock_section.av-mp3sdp8b-d1b1ef71328d40c073f6c975d1d536ab .avia_textblock{\nfont-size:15px;\n}\n<\/style>\n<section  class='av_textblock_section av-mp3sdp8b-d1b1ef71328d40c073f6c975d1d536ab '   itemscope=\"itemscope\" itemtype=\"https:\/\/schema.org\/CreativeWork\" ><div class='avia_textblock'  itemprop=\"text\" ><p><strong>Prestamos servicio principalmente en toda la comarca del Maresme<\/strong>, incluyendo poblaciones como Matar\u00f3, Premi\u00e0 de Mar, Vilassar de Mar, Arenys de Mar, Calella o Pineda de Mar, as\u00ed como en zonas cercanas dentro de la provincia de Barcelona.<\/p>\n<p>Tambi\u00e9n nos adaptamos a otras ubicaciones, siempre valorando distancias razonables seg\u00fan los costes de desplazamiento, con el objetivo de mantener un servicio eficiente, r\u00e1pido y de calidad.<\/p>\n<\/div><\/section><\/p><\/div>\n<style type=\"text\/css\" data-created_by=\"avia_inline_auto\" id=\"style-css-av-arl85j-f7bda87d3d49c77868a2309535918872\">\n.flex_column.av-arl85j-f7bda87d3d49c77868a2309535918872{\nborder-radius:0px 0px 0px 0px;\npadding:0px 0px 0px 0px;\n}\n<\/style>\n<div  class='flex_column av-arl85j-f7bda87d3d49c77868a2309535918872 av_one_half  avia-builder-el-8  el_after_av_one_half  el_before_av_one_half  flex_column_div av-zero-column-padding  column-top-margin'     ><style type=\"text\/css\" data-created_by=\"avia_inline_auto\" id=\"style-css-av-kkpnkh32-27-d96ed5786b37c47925620a018bd5cd28\">\n.avia-image-container.av-kkpnkh32-27-d96ed5786b37c47925620a018bd5cd28 img.avia_image{\nbox-shadow:none;\n}\n.avia-image-container.av-kkpnkh32-27-d96ed5786b37c47925620a018bd5cd28 .av-image-caption-overlay-center{\ncolor:#ffffff;\n}\n<\/style>\n<div  class='avia-image-container av-kkpnkh32-27-d96ed5786b37c47925620a018bd5cd28 av-styling- avia-align-center  avia-builder-el-9  avia-builder-el-no-sibling '   itemprop=\"image\" itemscope=\"itemscope\" itemtype=\"https:\/\/schema.org\/ImageObject\" ><div class=\"avia-image-container-inner\"><div class=\"avia-image-overlay-wrap\"><img decoding=\"async\" fetchpriority=\"high\" class=\"wp-image-891 avia-img-lazy-loading-not-891 avia_image \" src=\"https:\/\/ccom.cat\/wp-content\/uploads\/2021\/03\/CCOM-exterior-tenda.jpg\" alt=\"\" title=\"CCOM-exterior-tenda\" height=\"700\" width=\"1163\" itemprop=\"thumbnailUrl\" srcset=\"https:\/\/ccom.cat\/wp-content\/uploads\/2021\/03\/CCOM-exterior-tenda.jpg 1163w, https:\/\/ccom.cat\/wp-content\/uploads\/2021\/03\/CCOM-exterior-tenda-300x181.jpg 300w, https:\/\/ccom.cat\/wp-content\/uploads\/2021\/03\/CCOM-exterior-tenda-1030x620.jpg 1030w, https:\/\/ccom.cat\/wp-content\/uploads\/2021\/03\/CCOM-exterior-tenda-768x462.jpg 768w, https:\/\/ccom.cat\/wp-content\/uploads\/2021\/03\/CCOM-exterior-tenda-705x424.jpg 705w\" sizes=\"(max-width: 1163px) 100vw, 1163px\"><\/div><\/div><\/div><\/div>\n<style type=\"text\/css\" data-created_by=\"avia_inline_auto\" id=\"style-css-av-8zm77b-80b4d03b8fa961988cf147e19d64ed21\">\n.flex_column.av-8zm77b-80b4d03b8fa961988cf147e19d64ed21{\nborder-radius:0px 0px 0px 0px;\npadding:0px 0px 0px 0px;\n}\n<\/style>\n<div  class='flex_column av-8zm77b-80b4d03b8fa961988cf147e19d64ed21 av_one_half  avia-builder-el-10  el_after_av_one_half  el_before_av_one_half  first flex_column_div av-zero-column-padding  column-top-margin'     ><p>\n<style type=\"text\/css\" data-created_by=\"avia_inline_auto\" id=\"style-css-av-kmcer2gy-cd6f1fa3d2383083aadeaeb71a700196\">\n#top .av-special-heading.av-kmcer2gy-cd6f1fa3d2383083aadeaeb71a700196{\npadding-bottom:10px;\n}\nbody .av-special-heading.av-kmcer2gy-cd6f1fa3d2383083aadeaeb71a700196 .av-special-heading-tag .heading-char{\nfont-size:25px;\n}\n.av-special-heading.av-kmcer2gy-cd6f1fa3d2383083aadeaeb71a700196 .av-subheading{\nfont-size:15px;\n}\n<\/style>\n<div  class='av-special-heading av-kmcer2gy-cd6f1fa3d2383083aadeaeb71a700196 av-special-heading-h3 blockquote modern-quote  avia-builder-el-11  el_before_av_textblock  avia-builder-el-first '><h3 class='av-special-heading-tag '  itemprop=\"headline\"  >Asesoramiento personalizado en nuestra tienda y a domicilio<\/h3><div class=\"special-heading-border\"><div class=\"special-heading-inner-border\"><\/div><\/div><\/div><br \/>\n\n<style type=\"text\/css\" data-created_by=\"avia_inline_auto\" id=\"style-css-av-kkpnjp28-33-bee5e944740afdea24636e9ce0ce6615\">\n#top .av_textblock_section.av-kkpnjp28-33-bee5e944740afdea24636e9ce0ce6615 .avia_textblock{\nfont-size:15px;\n}\n<\/style>\n<section  class='av_textblock_section av-kkpnjp28-33-bee5e944740afdea24636e9ce0ce6615 '   itemscope=\"itemscope\" itemtype=\"https:\/\/schema.org\/CreativeWork\" ><div class='avia_textblock'  itemprop=\"text\" ><p>Ofrecemos asesoramiento personalizado a domicilio, aconsej\u00e1ndoos el material m\u00e1s adecuado para vuestro caso particular, teniendo en cuenta las necesidades del usuario y las condiciones de vuestro hogar.<\/p>\n<p>Tambi\u00e9n, por supuesto, en nuestra tienda os daremos el mejor asesoramiento para facilitaros el equipamiento en vuestra casa.<\/p>\n<\/div><\/section><br \/>\n<div  class='hr av-744acn-9fed8319565f1e4cfb5409af76955227 hr-default  avia-builder-el-13  el_after_av_textblock  el_before_av_heading '><span class='hr-inner '><span class=\"hr-inner-style\"><\/span><\/span><\/div><br \/>\n\n<style type=\"text\/css\" data-created_by=\"avia_inline_auto\" id=\"style-css-av-6eval3-527a98076b7d8d9184071e44dc28a47b\">\n#top .av-special-heading.av-6eval3-527a98076b7d8d9184071e44dc28a47b{\npadding-bottom:10px;\n}\nbody .av-special-heading.av-6eval3-527a98076b7d8d9184071e44dc28a47b .av-special-heading-tag .heading-char{\nfont-size:25px;\n}\n.av-special-heading.av-6eval3-527a98076b7d8d9184071e44dc28a47b .av-subheading{\nfont-size:15px;\n}\n<\/style>\n<div  class='av-special-heading av-6eval3-527a98076b7d8d9184071e44dc28a47b av-special-heading-h3 blockquote modern-quote  avia-builder-el-14  el_after_av_hr  el_before_av_textblock '><h3 class='av-special-heading-tag '  itemprop=\"headline\"  >Formaci\u00f3n en el funcionamiento de los equipos<\/h3><div class=\"special-heading-border\"><div class=\"special-heading-inner-border\"><\/div><\/div><\/div><br \/>\n\n<style type=\"text\/css\" data-created_by=\"avia_inline_auto\" id=\"style-css-av-3r7sjb-42d79c847119809b0a078ff8d441fd34\">\n#top .av_textblock_section.av-3r7sjb-42d79c847119809b0a078ff8d441fd34 .avia_textblock{\nfont-size:15px;\n}\n<\/style>\n<section  class='av_textblock_section av-3r7sjb-42d79c847119809b0a078ff8d441fd34 '   itemscope=\"itemscope\" itemtype=\"https:\/\/schema.org\/CreativeWork\" ><div class='avia_textblock'  itemprop=\"text\" ><p>Adem\u00e1s del suministro del material, en CCOM proporcionamos <strong>formaci\u00f3n personalizada en el funcionamiento de los equipos<\/strong>, asegurando que tanto usuarios como cuidadores hagan un uso correcto, seguro y eficiente desde el primer momento.<\/p>\n<\/div><\/section><\/p><\/div>\n<style type=\"text\/css\" data-created_by=\"avia_inline_auto\" id=\"style-css-av-22gi93-4151b501e9c39b5df88e988159fefc41\">\n.flex_column.av-22gi93-4151b501e9c39b5df88e988159fefc41{\nborder-radius:0px 0px 0px 0px;\npadding:0px 0px 0px 0px;\n}\n<\/style>\n<div  class='flex_column av-22gi93-4151b501e9c39b5df88e988159fefc41 av_one_half  avia-builder-el-16  el_after_av_one_half  el_before_av_one_half  flex_column_div av-zero-column-padding  column-top-margin'     ><style type=\"text\/css\" data-created_by=\"avia_inline_auto\" id=\"style-css-av-kkpnkh32-29-078b0f69b2f7b6c06be3442a9edde943\">\n.avia-image-container.av-kkpnkh32-29-078b0f69b2f7b6c06be3442a9edde943 img.avia_image{\nbox-shadow:none;\n}\n.avia-image-container.av-kkpnkh32-29-078b0f69b2f7b6c06be3442a9edde943 .av-image-caption-overlay-center{\ncolor:#ffffff;\n}\n<\/style>\n<div  class='avia-image-container av-kkpnkh32-29-078b0f69b2f7b6c06be3442a9edde943 av-styling- avia-align-center  avia-builder-el-17  avia-builder-el-no-sibling '   itemprop=\"image\" itemscope=\"itemscope\" itemtype=\"https:\/\/schema.org\/ImageObject\" ><div class=\"avia-image-container-inner\"><div class=\"avia-image-overlay-wrap\"><img decoding=\"async\" fetchpriority=\"high\" class='wp-image-886 avia-img-lazy-loading-not-886 avia_image ' src=\"https:\/\/ccom.cat\/wp-content\/uploads\/2021\/03\/32-transferencia-grua-mini-blue-2.jpg\" alt='Grua hospitalaria - Ajudes t\u00e8cniques' title='32-transferencia-grua-mini-blue-2'  height=\"900\" width=\"800\"  itemprop=\"thumbnailUrl\" srcset=\"https:\/\/ccom.cat\/wp-content\/uploads\/2021\/03\/32-transferencia-grua-mini-blue-2.jpg 800w, https:\/\/ccom.cat\/wp-content\/uploads\/2021\/03\/32-transferencia-grua-mini-blue-2-267x300.jpg 267w, https:\/\/ccom.cat\/wp-content\/uploads\/2021\/03\/32-transferencia-grua-mini-blue-2-768x864.jpg 768w, https:\/\/ccom.cat\/wp-content\/uploads\/2021\/03\/32-transferencia-grua-mini-blue-2-627x705.jpg 627w\" sizes=\"(max-width: 800px) 100vw, 800px\" \/><\/div><\/div><\/div><\/div>\n<style type=\"text\/css\" data-created_by=\"avia_inline_auto\" id=\"style-css-av-5v9pcn-4ed7c3dcf5c8024eef36a4cbea7381d3\">\n.flex_column.av-5v9pcn-4ed7c3dcf5c8024eef36a4cbea7381d3{\nborder-radius:0px 0px 0px 0px;\npadding:0px 0px 0px 0px;\n}\n<\/style>\n<div  class='flex_column av-5v9pcn-4ed7c3dcf5c8024eef36a4cbea7381d3 av_one_half  avia-builder-el-18  el_after_av_one_half  el_before_av_one_half  first flex_column_div av-zero-column-padding  column-top-margin'     ><p>\n<style type=\"text\/css\" data-created_by=\"avia_inline_auto\" id=\"style-css-av-mp3ti3kc-253f1e48791fc61dd36c195cda43da81\">\n#top .av-special-heading.av-mp3ti3kc-253f1e48791fc61dd36c195cda43da81{\npadding-bottom:10px;\n}\nbody .av-special-heading.av-mp3ti3kc-253f1e48791fc61dd36c195cda43da81 .av-special-heading-tag .heading-char{\nfont-size:25px;\n}\n.av-special-heading.av-mp3ti3kc-253f1e48791fc61dd36c195cda43da81 .av-subheading{\nfont-size:15px;\n}\n<\/style>\n<div  class='av-special-heading av-mp3ti3kc-253f1e48791fc61dd36c195cda43da81 av-special-heading-h3 blockquote modern-quote  avia-builder-el-19  el_before_av_image  avia-builder-el-first '><h3 class='av-special-heading-tag '  itemprop=\"headline\"  >Alquiler de sillas de ruedas y sillas el\u00e9ctricas<\/h3><div class=\"special-heading-border\"><div class=\"special-heading-inner-border\"><\/div><\/div><\/div><br \/>\n\n<style type=\"text\/css\" data-created_by=\"avia_inline_auto\" id=\"style-css-av-mp3tiu2z-f4851b609637caf355e914704d9535af\">\n.avia-image-container.av-mp3tiu2z-f4851b609637caf355e914704d9535af img.avia_image{\nbox-shadow:none;\n}\n.avia-image-container.av-mp3tiu2z-f4851b609637caf355e914704d9535af .av-image-caption-overlay-center{\ncolor:#ffffff;\n}\n<\/style>\n<div  class='avia-image-container av-mp3tiu2z-f4851b609637caf355e914704d9535af av-styling- avia-align-center  avia-builder-el-20  el_after_av_heading  el_before_av_button '   itemprop=\"image\" itemscope=\"itemscope\" itemtype=\"https:\/\/schema.org\/ImageObject\" ><div class=\"avia-image-container-inner\"><div class=\"avia-image-overlay-wrap\"><img decoding=\"async\" fetchpriority=\"high\" class=\"wp-image-906 avia-img-lazy-loading-not-906 avia_image \" src=\"https:\/\/ccom.cat\/wp-content\/uploads\/2021\/04\/CCOM-gent-gran2.jpg\" alt=\"\" title=\"CCOM-gent-gran2\" height=\"1000\" width=\"1500\" itemprop=\"thumbnailUrl\" srcset=\"https:\/\/ccom.cat\/wp-content\/uploads\/2021\/04\/CCOM-gent-gran2.jpg 1500w, https:\/\/ccom.cat\/wp-content\/uploads\/2021\/04\/CCOM-gent-gran2-300x200.jpg 300w, https:\/\/ccom.cat\/wp-content\/uploads\/2021\/04\/CCOM-gent-gran2-1030x687.jpg 1030w, https:\/\/ccom.cat\/wp-content\/uploads\/2021\/04\/CCOM-gent-gran2-768x512.jpg 768w, https:\/\/ccom.cat\/wp-content\/uploads\/2021\/04\/CCOM-gent-gran2-705x470.jpg 705w\" sizes=\"(max-width: 1500px) 100vw, 1500px\"><\/div><\/div><\/div><br \/>\n<div  class='avia-button-wrap av-mp3tk141-a368f0f49beaa46dc96ae23fba630ebb-wrap avia-button-center  avia-builder-el-21  el_after_av_image  avia-builder-el-last '><a href='https:\/\/ccom.cat\/es\/alquiler-de-sillas-de-ruedas\/'  class='avia-button av-mp3tk141-a368f0f49beaa46dc96ae23fba630ebb av-link-btn avia-icon_select-yes-left-icon avia-size-small avia-position-center avia-color-theme-color'   aria-label=\"M\u00e1s informaci\u00f3n\"><span class='avia_button_icon avia_button_icon_left avia-svg-icon avia-font-svg_entypo-fontello' data-av_svg_icon='info-circled' data-av_iconset='svg_entypo-fontello'><svg version=\"1.1\" xmlns=\"http:\/\/www.w3.org\/2000\/svg\" width=\"29\" height=\"32\" viewBox=\"0 0 29 32\" preserveAspectRatio=\"xMidYMid meet\" aria-labelledby='av-svg-title-1' aria-describedby='av-svg-desc-1' role=\"graphics-symbol\">\n<title id='av-svg-title-1'>Info-circled<\/title>\n<desc id='av-svg-desc-1'>Info-circled<\/desc>\n<path d=\"M14.528 1.28q6.080-0.064 10.432 4.16t4.48 10.304q0.064 6.080-4.192 10.464t-10.336 4.512q-6.080 0.064-10.464-4.192t-4.448-10.336q-0.128-6.080 4.16-10.464t10.368-4.448zM16.192 6.144q-1.344 0-2.080 0.768t-0.736 1.6q-0.064 0.896 0.48 1.408t1.568 0.512q1.216 0 1.952-0.704t0.736-1.728q0-1.856-1.92-1.856zM12.352 25.152q0.96 0 2.688-0.832t3.392-2.496l-0.576-0.768q-1.536 1.152-2.304 1.152-0.448 0-0.128-1.216l1.344-5.12q0.832-3.072-0.704-3.072-0.96 0-2.848 0.928t-3.68 2.4l0.512 0.832q1.664-1.088 2.368-1.088 0.384 0 0 1.088l-1.152 4.864q-0.832 3.328 1.088 3.328z\"><\/path>\n<\/svg><\/span><span class='avia_iconbox_title' >M\u00e1s informaci\u00f3n<\/span><\/a><\/div><\/p><\/div>\n<style type=\"text\/css\" data-created_by=\"avia_inline_auto\" id=\"style-css-av-1c1qf-ceb7043432db35c445f0b9731aa4f210\">\n.flex_column.av-1c1qf-ceb7043432db35c445f0b9731aa4f210{\nborder-radius:0px 0px 0px 0px;\npadding:0px 0px 0px 0px;\n}\n<\/style>\n<div  class='flex_column av-1c1qf-ceb7043432db35c445f0b9731aa4f210 av_one_half  avia-builder-el-22  el_after_av_one_half  avia-builder-el-last  flex_column_div av-zero-column-padding  column-top-margin'     ><p>\n<style type=\"text\/css\" data-created_by=\"avia_inline_auto\" id=\"style-css-av-mp3tkz8q-906ecd829096f401811f249f2a8dceed\">\n#top .av-special-heading.av-mp3tkz8q-906ecd829096f401811f249f2a8dceed{\npadding-bottom:10px;\n}\nbody .av-special-heading.av-mp3tkz8q-906ecd829096f401811f249f2a8dceed .av-special-heading-tag .heading-char{\nfont-size:25px;\n}\n.av-special-heading.av-mp3tkz8q-906ecd829096f401811f249f2a8dceed .av-subheading{\nfont-size:15px;\n}\n<\/style>\n<div  class='av-special-heading av-mp3tkz8q-906ecd829096f401811f249f2a8dceed av-special-heading-h3 blockquote modern-quote  avia-builder-el-23  el_before_av_image  avia-builder-el-first '><h3 class='av-special-heading-tag '  itemprop=\"headline\"  >Alquiler de camas articuladas y gr\u00faas hospitalarias<\/h3><div class=\"special-heading-border\"><div class=\"special-heading-inner-border\"><\/div><\/div><\/div><br \/>\n\n<style type=\"text\/css\" data-created_by=\"avia_inline_auto\" id=\"style-css-av-mp3tm4w2-92da91bc22c84e40d01ac2f96ddb0832\">\n.avia-image-container.av-mp3tm4w2-92da91bc22c84e40d01ac2f96ddb0832 img.avia_image{\nbox-shadow:none;\n}\n.avia-image-container.av-mp3tm4w2-92da91bc22c84e40d01ac2f96ddb0832 .av-image-caption-overlay-center{\ncolor:#ffffff;\n}\n<\/style>\n<div  class='avia-image-container av-mp3tm4w2-92da91bc22c84e40d01ac2f96ddb0832 av-styling- avia-align-center  avia-builder-el-24  el_after_av_heading  el_before_av_button '   itemprop=\"image\" itemscope=\"itemscope\" itemtype=\"https:\/\/schema.org\/ImageObject\" ><div class=\"avia-image-container-inner\"><div class=\"avia-image-overlay-wrap\"><img decoding=\"async\" fetchpriority=\"high\" class=\"wp-image-1747 avia-img-lazy-loading-not-1747 avia_image \" src=\"https:\/\/ccom.cat\/wp-content\/uploads\/2026\/05\/CCOM-LLITS-LLOGUER.jpg\" alt=\"\" title=\"CCOM-LLITS-LLOGUER\" height=\"1000\" width=\"1500\" itemprop=\"thumbnailUrl\" srcset=\"https:\/\/ccom.cat\/wp-content\/uploads\/2026\/05\/CCOM-LLITS-LLOGUER.jpg 1500w, https:\/\/ccom.cat\/wp-content\/uploads\/2026\/05\/CCOM-LLITS-LLOGUER-300x200.jpg 300w, https:\/\/ccom.cat\/wp-content\/uploads\/2026\/05\/CCOM-LLITS-LLOGUER-1030x687.jpg 1030w, https:\/\/ccom.cat\/wp-content\/uploads\/2026\/05\/CCOM-LLITS-LLOGUER-768x512.jpg 768w, https:\/\/ccom.cat\/wp-content\/uploads\/2026\/05\/CCOM-LLITS-LLOGUER-705x470.jpg 705w\" sizes=\"(max-width: 1500px) 100vw, 1500px\"><\/div><\/div><\/div><br \/>\n<div  class='avia-button-wrap av-2a87p3-293d9a98735d7296e66d94edb7d9f383-wrap avia-button-center  avia-builder-el-25  el_after_av_image  avia-builder-el-last '><a href='https:\/\/ccom.cat\/es\/alquiler-de-camas-y-gruas\/'  class='avia-button av-2a87p3-293d9a98735d7296e66d94edb7d9f383 av-link-btn avia-icon_select-yes-left-icon avia-size-small avia-position-center avia-color-theme-color'   aria-label=\"M\u00e1s informaci\u00f3n\"><span class='avia_button_icon avia_button_icon_left avia-svg-icon avia-font-svg_entypo-fontello' data-av_svg_icon='info-circled' data-av_iconset='svg_entypo-fontello'><svg version=\"1.1\" xmlns=\"http:\/\/www.w3.org\/2000\/svg\" width=\"29\" height=\"32\" viewBox=\"0 0 29 32\" preserveAspectRatio=\"xMidYMid meet\" aria-labelledby='av-svg-title-2' aria-describedby='av-svg-desc-2' role=\"graphics-symbol\">\n<title id='av-svg-title-2'>Info-circled<\/title>\n<desc id='av-svg-desc-2'>Info-circled<\/desc>\n<path d=\"M14.528 1.28q6.080-0.064 10.432 4.16t4.48 10.304q0.064 6.080-4.192 10.464t-10.336 4.512q-6.080 0.064-10.464-4.192t-4.448-10.336q-0.128-6.080 4.16-10.464t10.368-4.448zM16.192 6.144q-1.344 0-2.080 0.768t-0.736 1.6q-0.064 0.896 0.48 1.408t1.568 0.512q1.216 0 1.952-0.704t0.736-1.728q0-1.856-1.92-1.856zM12.352 25.152q0.96 0 2.688-0.832t3.392-2.496l-0.576-0.768q-1.536 1.152-2.304 1.152-0.448 0-0.128-1.216l1.344-5.12q0.832-3.072-0.704-3.072-0.96 0-2.848 0.928t-3.68 2.4l0.512 0.832q1.664-1.088 2.368-1.088 0.384 0 0 1.088l-1.152 4.864q-0.832 3.328 1.088 3.328z\"><\/path>\n<\/svg><\/span><span class='avia_iconbox_title' >M\u00e1s informaci\u00f3n<\/span><\/a><\/div><\/p><\/div><\/div><\/div><\/div><!-- close content main div --><\/div><\/div><div id='after_section_1'  class='main_color av_default_container_wrap container_wrap sidebar_right'  ><div class='container av-section-cont-open' ><div class='template-page content  av-content-small alpha units'><div class='post-entry post-entry-type-page post-entry-1788'><div class='entry-content-wrapper clearfix'>\n","protected":false},"excerpt":{"rendered":"","protected":false},"author":9,"featured_media":0,"parent":0,"menu_order":0,"comment_status":"closed","ping_status":"closed","template":"","meta":{"footnotes":""},"class_list":["post-1788","page","type-page","status-publish","hentry"],"_links":{"self":[{"href":"https:\/\/ccom.cat\/es\/wp-json\/wp\/v2\/pages\/1788","targetHints":{"allow":["GET"]}}],"collection":[{"href":"https:\/\/ccom.cat\/es\/wp-json\/wp\/v2\/pages"}],"about":[{"href":"https:\/\/ccom.cat\/es\/wp-json\/wp\/v2\/types\/page"}],"author":[{"embeddable":true,"href":"https:\/\/ccom.cat\/es\/wp-json\/wp\/v2\/users\/9"}],"replies":[{"embeddable":true,"href":"https:\/\/ccom.cat\/es\/wp-json\/wp\/v2\/comments?post=1788"}],"version-history":[{"count":7,"href":"https:\/\/ccom.cat\/es\/wp-json\/wp\/v2\/pages\/1788\/revisions"}],"predecessor-version":[{"id":1791,"href":"https:\/\/ccom.cat\/es\/wp-json\/wp\/v2\/pages\/1788\/revisions\/1791"}],"wp:attachment":[{"href":"https:\/\/ccom.cat\/es\/wp-json\/wp\/v2\/media?parent=1788"}],"curies":[{"name":"wp","href":"https:\/\/api.w.org\/{rel}","templated":true}]}}